{"id":135,"date":"2025-10-21T14:12:27","date_gmt":"2025-10-21T14:12:27","guid":{"rendered":"https:\/\/kamehousegym.com\/?page_id=135"},"modified":"2025-10-21T15:09:22","modified_gmt":"2025-10-21T15:09:22","slug":"cookies","status":"publish","type":"page","link":"https:\/\/kamehousegym.com\/?page_id=135","title":{"rendered":"Cookies"},"content":{"rendered":"\t\t<div data-elementor-type=\"wp-page\" data-elementor-id=\"135\" class=\"elementor elementor-135\" data-elementor-post-type=\"page\">\n\t\t\t\t<div class=\"elementor-element elementor-element-fc2dc20 e-flex e-con-boxed e-con e-parent\" data-id=\"fc2dc20\" data-element_type=\"container\" data-e-type=\"container\">\n\t\t\t\t\t<div class=\"e-con-inner\">\n\t\t\t\t<div class=\"elementor-element elementor-element-ab65a60 elementor-widget elementor-widget-spacer\" data-id=\"ab65a60\" data-element_type=\"widget\" data-e-type=\"widget\" data-widget_type=\"spacer.default\">\n\t\t\t\t\t\t\t<div class=\"elementor-spacer\">\n\t\t\t<div class=\"elementor-spacer-inner\"><\/div>\n\t\t<\/div>\n\t\t\t\t\t\t<\/div>\n\t\t\t\t<div class=\"elementor-element elementor-element-5b31eb2 elementor-widget elementor-widget-heading\" data-id=\"5b31eb2\" data-element_type=\"widget\" data-e-type=\"widget\" data-widget_type=\"heading.default\">\n\t\t\t\t\t<h2 class=\"elementor-heading-title elementor-size-default\">\ud83c\udf6a Pol\u00edtica de Cookies<\/h2>\t\t\t\t<\/div>\n\t\t\t\t<div class=\"elementor-element elementor-element-54e8d99 elementor-widget elementor-widget-text-editor\" data-id=\"54e8d99\" data-element_type=\"widget\" data-e-type=\"widget\" data-widget_type=\"text-editor.default\">\n\t\t\t\t\t\t\t\t\t<p data-start=\"2246\" data-end=\"2465\"><strong data-start=\"2246\" data-end=\"2274\">1. \u00bfQu\u00e9 son las cookies?<\/strong><br data-start=\"2274\" data-end=\"2277\" \/>Las cookies son peque\u00f1os archivos de texto que se almacenan en tu dispositivo al visitar este sitio web. Sirven para mejorar la experiencia de navegaci\u00f3n y ofrecer funciones adicionales.<\/p><p data-start=\"2467\" data-end=\"2503\"><strong data-start=\"2467\" data-end=\"2501\">2. Tipos de cookies utilizadas<\/strong><\/p><ul data-start=\"2504\" data-end=\"2794\"><li data-start=\"2504\" data-end=\"2574\"><p data-start=\"2506\" data-end=\"2574\"><strong data-start=\"2506\" data-end=\"2526\">Cookies t\u00e9cnicas<\/strong>: necesarias para el funcionamiento del sitio.<\/p><\/li><li data-start=\"2575\" data-end=\"2695\"><p data-start=\"2577\" data-end=\"2695\"><strong data-start=\"2577\" data-end=\"2599\">Cookies anal\u00edticas<\/strong> (Google Analytics, si se activa): ayudan a entender c\u00f3mo los usuarios interact\u00faan con la web.<\/p><\/li><li data-start=\"2696\" data-end=\"2794\"><p data-start=\"2698\" data-end=\"2794\"><strong data-start=\"2698\" data-end=\"2721\">Cookies de terceros<\/strong> (Joinchat\/WhatsApp): permiten la comunicaci\u00f3n directa con el gimnasio.<\/p><\/li><\/ul><p data-start=\"2796\" data-end=\"2973\"><strong data-start=\"2796\" data-end=\"2821\">3. Gesti\u00f3n de cookies<\/strong><br data-start=\"2821\" data-end=\"2824\" \/>Puedes aceptar, rechazar o configurar tus preferencias mediante el banner de cookies al acceder a la web, o desde la configuraci\u00f3n de tu navegador.<\/p><p data-start=\"2975\" data-end=\"3105\"><strong data-start=\"2975\" data-end=\"2997\">4. M\u00e1s informaci\u00f3n<\/strong><br data-start=\"2997\" data-end=\"3000\" \/>Para cualquier duda sobre nuestra pol\u00edtica de cookies, puedes escribirnos a:<br data-start=\"3076\" data-end=\"3079\" \/>\ud83d\udce7 <a class=\"decorated-link cursor-pointer\" rel=\"noopener\" data-start=\"3082\" data-end=\"3103\">info@kamehousegym.com<\/a><\/p>\t\t\t\t\t\t\t\t<\/div>\n\t\t\t\t<div class=\"elementor-element elementor-element-9f03459 elementor-widget elementor-widget-text-editor\" data-id=\"9f03459\" data-element_type=\"widget\" data-e-type=\"widget\" data-widget_type=\"text-editor.default\">\n\t\t\t\t\t\t\t\t\t<p>\ud83c\udfcb\ufe0f\u200d\u2642\ufe0f Kame House Gym \u2013 Kameshopgc SL <br \/>Calle Goya 16, 35110 Santa Luc\u00eda de Tirajana, Las Palmas <br \/>\ud83d\udcde 623 486 199 | \u2709\ufe0f info@kamehousegym.com <br \/><a href=\"https:\/\/kamehousegym.com\/?page_id=131\">\ud83e\uddfe Aviso Legal<\/a> | <a href=\"https:\/\/kamehousegym.com\/?page_id=133\">\ud83d\udd12 Privacidad<\/a> | <a href=\"https:\/\/kamehousegym.com\/?page_id=135\">\ud83c\udf6a Cookies<\/a><\/p>\t\t\t\t\t\t\t\t<\/div>\n\t\t\t\t<div class=\"elementor-element elementor-element-e156a0f elementor-widget elementor-widget-spacer\" data-id=\"e156a0f\" data-element_type=\"widget\" data-e-type=\"widget\" data-widget_type=\"spacer.default\">\n\t\t\t\t\t\t\t<div class=\"elementor-spacer\">\n\t\t\t<div class=\"elementor-spacer-inner\"><\/div>\n\t\t<\/div>\n\t\t\t\t\t\t<\/div>\n\t\t\t\t\t<\/div>\n\t\t\t\t<\/div>\n\t\t\t\t<\/div>\n\t\t","protected":false},"excerpt":{"rendered":"<p>\ud83c\udf6a Pol\u00edtica de Cookies 1. \u00bfQu\u00e9 son las cookies?Las cookies son peque\u00f1os archivos de texto que se almacenan en tu dispositivo al visitar este sitio web. Sirven para mejorar la experiencia de navegaci\u00f3n y ofrecer funciones adicionales. 2. Tipos de cookies utilizadas Cookies t\u00e9cnicas: necesarias para el funcionamiento del sitio. Cookies anal\u00edticas (Google Analytics, si [&hellip;]<\/p>\n","protected":false},"author":1,"featured_media":0,"parent":0,"menu_order":0,"comment_status":"closed","ping_status":"closed","template":"elementor_canvas","meta":{"_joinchat":[],"footnotes":""},"class_list":["post-135","page","type-page","status-publish","hentry"],"_links":{"self":[{"href":"https:\/\/kamehousegym.com\/index.php?rest_route=\/wp\/v2\/pages\/135","targetHints":{"allow":["GET"]}}],"collection":[{"href":"https:\/\/kamehousegym.com\/index.php?rest_route=\/wp\/v2\/pages"}],"about":[{"href":"https:\/\/kamehousegym.com\/index.php?rest_route=\/wp\/v2\/types\/page"}],"author":[{"embeddable":true,"href":"https:\/\/kamehousegym.com\/index.php?rest_route=\/wp\/v2\/users\/1"}],"replies":[{"embeddable":true,"href":"https:\/\/kamehousegym.com\/index.php?rest_route=%2Fwp%2Fv2%2Fcomments&post=135"}],"version-history":[{"count":5,"href":"https:\/\/kamehousegym.com\/index.php?rest_route=\/wp\/v2\/pages\/135\/revisions"}],"predecessor-version":[{"id":240,"href":"https:\/\/kamehousegym.com\/index.php?rest_route=\/wp\/v2\/pages\/135\/revisions\/240"}],"wp:attachment":[{"href":"https:\/\/kamehousegym.com\/index.php?rest_route=%2Fwp%2Fv2%2Fmedia&parent=135"}],"curies":[{"name":"wp","href":"https:\/\/api.w.org\/{rel}","templated":true}]}}