{"id":133,"date":"2025-10-21T14:12:05","date_gmt":"2025-10-21T14:12:05","guid":{"rendered":"https:\/\/kamehousegym.com\/?page_id=133"},"modified":"2025-10-21T15:10:13","modified_gmt":"2025-10-21T15:10:13","slug":"privacidad","status":"publish","type":"page","link":"https:\/\/kamehousegym.com\/?page_id=133","title":{"rendered":"Privacidad"},"content":{"rendered":"\t\t<div data-elementor-type=\"wp-page\" data-elementor-id=\"133\" class=\"elementor elementor-133\" data-elementor-post-type=\"page\">\n\t\t\t\t<div class=\"elementor-element elementor-element-e2233ef e-flex e-con-boxed e-con e-parent\" data-id=\"e2233ef\" data-element_type=\"container\" data-e-type=\"container\">\n\t\t\t\t\t<div class=\"e-con-inner\">\n\t\t\t\t<div class=\"elementor-element elementor-element-ccc8d23 elementor-widget elementor-widget-spacer\" data-id=\"ccc8d23\" data-element_type=\"widget\" data-e-type=\"widget\" data-widget_type=\"spacer.default\">\n\t\t\t\t\t\t\t<div class=\"elementor-spacer\">\n\t\t\t<div class=\"elementor-spacer-inner\"><\/div>\n\t\t<\/div>\n\t\t\t\t\t\t<\/div>\n\t\t\t\t<div class=\"elementor-element elementor-element-5f72f06 elementor-widget elementor-widget-heading\" data-id=\"5f72f06\" data-element_type=\"widget\" data-e-type=\"widget\" data-widget_type=\"heading.default\">\n\t\t\t\t\t<h2 class=\"elementor-heading-title elementor-size-default\">\ud83d\udd12 Pol\u00edtica de Privacidad<\/h2>\t\t\t\t<\/div>\n\t\t\t\t<div class=\"elementor-element elementor-element-b139347 elementor-widget elementor-widget-text-editor\" data-id=\"b139347\" data-element_type=\"widget\" data-e-type=\"widget\" data-widget_type=\"text-editor.default\">\n\t\t\t\t\t\t\t\t\t<p data-start=\"1115\" data-end=\"1334\"><strong data-start=\"1115\" data-end=\"1149\">1. Responsable del tratamiento<\/strong><br data-start=\"1149\" data-end=\"1152\" \/>Kameshopgc S.L. (Calle Goya 16, 35110 Santa Luc\u00eda de Tirajana, Las Palmas, Espa\u00f1a) es responsable del tratamiento de los datos personales proporcionados a trav\u00e9s de este sitio web.<\/p><p data-start=\"1336\" data-end=\"1529\"><strong data-start=\"1336\" data-end=\"1368\">2. Finalidad del tratamiento<\/strong><br data-start=\"1368\" data-end=\"1371\" \/>Los datos se utilizan exclusivamente para responder a consultas, gestionar reservas de clases, o comunicaciones relacionadas con los servicios del gimnasio.<\/p><p data-start=\"1531\" data-end=\"1642\"><strong data-start=\"1531\" data-end=\"1548\">3. Base legal<\/strong><br data-start=\"1548\" data-end=\"1551\" \/>El tratamiento se basa en el consentimiento del usuario al enviar un mensaje o solicitud.<\/p><p data-start=\"1644\" data-end=\"1874\"><strong data-start=\"1644\" data-end=\"1666\">4. Cesi\u00f3n de datos<\/strong><br data-start=\"1666\" data-end=\"1669\" \/>No se ceder\u00e1n datos a terceros salvo obligaci\u00f3n legal.<br data-start=\"1723\" data-end=\"1726\" \/>El contacto a trav\u00e9s de WhatsApp implica el uso de la plataforma de <em data-start=\"1794\" data-end=\"1817\">WhatsApp Ireland Ltd.<\/em>, con sus propias condiciones y pol\u00edtica de privacidad.<\/p><p data-start=\"1876\" data-end=\"2042\"><strong data-start=\"1876\" data-end=\"1903\">5. Derechos del usuario<\/strong><br data-start=\"1903\" data-end=\"1906\" \/>Puedes ejercer tus derechos de acceso, rectificaci\u00f3n, cancelaci\u00f3n y oposici\u00f3n (ARCO), enviando un correo a:<br data-start=\"2013\" data-end=\"2016\" \/>\ud83d\udce7 <a class=\"decorated-link cursor-pointer\" rel=\"noopener\" data-start=\"2019\" data-end=\"2040\">info@kamehousegym.com<\/a><\/p><p data-start=\"2044\" data-end=\"2208\"><strong data-start=\"2044\" data-end=\"2063\">6. Conservaci\u00f3n<\/strong><br data-start=\"2063\" data-end=\"2066\" \/>Los datos se conservar\u00e1n \u00fanicamente durante el tiempo necesario para cumplir con la finalidad indicada o mientras exista relaci\u00f3n comercial.<\/p>\t\t\t\t\t\t\t\t<\/div>\n\t\t\t\t<div class=\"elementor-element elementor-element-34e2b8d elementor-widget elementor-widget-text-editor\" data-id=\"34e2b8d\" data-element_type=\"widget\" data-e-type=\"widget\" data-widget_type=\"text-editor.default\">\n\t\t\t\t\t\t\t\t\t<p>\ud83c\udfcb\ufe0f\u200d\u2642\ufe0f Kame House Gym \u2013 Kameshopgc SL <br \/>Calle Goya 16, 35110 Santa Luc\u00eda de Tirajana, Las Palmas <br \/>\ud83d\udcde 623 486 199 | \u2709\ufe0f info@kamehousegym.com <br \/><a href=\"https:\/\/kamehousegym.com\/?page_id=131\">\ud83e\uddfe Aviso Legal<\/a> | <a href=\"https:\/\/kamehousegym.com\/?page_id=133\">\ud83d\udd12 Privacidad<\/a> | <a href=\"https:\/\/kamehousegym.com\/?page_id=135\">\ud83c\udf6a Cookies<\/a><\/p>\t\t\t\t\t\t\t\t<\/div>\n\t\t\t\t<div class=\"elementor-element elementor-element-ee7eeb4 elementor-widget elementor-widget-spacer\" data-id=\"ee7eeb4\" data-element_type=\"widget\" data-e-type=\"widget\" data-widget_type=\"spacer.default\">\n\t\t\t\t\t\t\t<div class=\"elementor-spacer\">\n\t\t\t<div class=\"elementor-spacer-inner\"><\/div>\n\t\t<\/div>\n\t\t\t\t\t\t<\/div>\n\t\t\t\t\t<\/div>\n\t\t\t\t<\/div>\n\t\t\t\t<\/div>\n\t\t","protected":false},"excerpt":{"rendered":"<p>\ud83d\udd12 Pol\u00edtica de Privacidad 1. Responsable del tratamientoKameshopgc S.L. (Calle Goya 16, 35110 Santa Luc\u00eda de Tirajana, Las Palmas, Espa\u00f1a) es responsable del tratamiento de los datos personales proporcionados a trav\u00e9s de este sitio web. 2. Finalidad del tratamientoLos datos se utilizan exclusivamente para responder a consultas, gestionar reservas de clases, o comunicaciones relacionadas con [&hellip;]<\/p>\n","protected":false},"author":1,"featured_media":0,"parent":0,"menu_order":0,"comment_status":"closed","ping_status":"closed","template":"elementor_canvas","meta":{"_joinchat":[],"footnotes":""},"class_list":["post-133","page","type-page","status-publish","hentry"],"_links":{"self":[{"href":"https:\/\/kamehousegym.com\/index.php?rest_route=\/wp\/v2\/pages\/133","targetHints":{"allow":["GET"]}}],"collection":[{"href":"https:\/\/kamehousegym.com\/index.php?rest_route=\/wp\/v2\/pages"}],"about":[{"href":"https:\/\/kamehousegym.com\/index.php?rest_route=\/wp\/v2\/types\/page"}],"author":[{"embeddable":true,"href":"https:\/\/kamehousegym.com\/index.php?rest_route=\/wp\/v2\/users\/1"}],"replies":[{"embeddable":true,"href":"https:\/\/kamehousegym.com\/index.php?rest_route=%2Fwp%2Fv2%2Fcomments&post=133"}],"version-history":[{"count":5,"href":"https:\/\/kamehousegym.com\/index.php?rest_route=\/wp\/v2\/pages\/133\/revisions"}],"predecessor-version":[{"id":243,"href":"https:\/\/kamehousegym.com\/index.php?rest_route=\/wp\/v2\/pages\/133\/revisions\/243"}],"wp:attachment":[{"href":"https:\/\/kamehousegym.com\/index.php?rest_route=%2Fwp%2Fv2%2Fmedia&parent=133"}],"curies":[{"name":"wp","href":"https:\/\/api.w.org\/{rel}","templated":true}]}}